{"id":19621,"date":"2018-08-17T08:57:46","date_gmt":"2018-08-17T06:57:46","guid":{"rendered":"https:\/\/www.v3.polcomm.testy.ovh\/uslugi-serwisowe\/"},"modified":"2021-02-11T10:55:26","modified_gmt":"2021-02-11T09:55:26","slug":"services","status":"publish","type":"page","link":"https:\/\/www.polcomm.com.pl\/en\/products\/services\/","title":{"rendered":"Service"},"content":{"rendered":"<p><\/p><div class=\"wp-block-columns is-layout-flex wp-container-core-columns-is-layout-1 wp-block-columns-is-layout-flex\"><div class=\"wp-block-column is-layout-flow wp-block-column-is-layout-flow\"><h1 class=\"wp-block-heading\">Professional Service<\/h1>\n\n<h2 class=\"wp-block-heading\">Polcomm\u00ae innovative and comprehensive technological solutions.<\/h2>\n\n<p>Tool servicing is an important aspect of our after-sales services. Professional servicing ensures that products continue to work at the required quality level. Simultaneously, savings can be made new tools can be bought at a later time.<br><br>Before tools are sharpened, they are cleaned ultrasonically in special baths. Then we check their condition. We measure material cavities, if any, using a measuring projector and determine the minimum layer to be removed during the sharpening process. <\/p><\/div>\n\n<div class=\"wp-block-column is-layout-flow wp-block-column-is-layout-flow\"><p>These operations permit the number of sharpenings to be maximised and thus extend tool service life.<br><br>Sharpening is performed with the use of modern technology, on automated CNC grinders. Numerically controlled machines make it possible to achieve high sharpening accuracy, which increases the effectiveness and lifetime of a tool. The software of the machining centres allows you to sharpen any tool profile while maintaining the original blade geometry. Modern sharpening technology, based on CAD-CAM systems, enables a very-accurate reproduction of the profile at the cutting edges contained in a path file.<\/p>\n\n<div style=\"height:21px\" aria-hidden=\"true\" class=\"wp-block-spacer\"><\/div>\n\n<div class=\"wp-block-buttons is-content-justification-right is-layout-flex wp-block-buttons-is-layout-flex\"><div class=\"wp-block-button\"><a class=\"wp-block-button__link\" href=\"https:\/\/www.polcomm.com.pl\/en\/contact#form\">contact with Polcomm\u00ae expert<\/a><\/div><\/div>\n\n<p><\/p><\/div><\/div><hr class=\"wp-block-separator\"\/><div style=\"height:15px\" aria-hidden=\"true\" class=\"wp-block-spacer\"><\/div><p><\/p><div class=\"wp-block-columns are-vertically-aligned-center is-layout-flex wp-container-core-columns-is-layout-6 wp-block-columns-is-layout-flex\"><div class=\"wp-block-column is-vertically-aligned-center is-layout-flow wp-block-column-is-layout-flow\"><h2 class=\"wp-block-heading\">Polcomm\u00ae coatings<\/h2>\n\n<p>We have a complete, fully automated coating line with dedicated technology and equipment. In our factory we perform the full coating process: surface and blade preparation using an automatic wet sandblasting line, washing in an ultrasonic cleaner, drying in a vacuum, coating in a PVD oven and control of process parameters in the laboratory. We offer a professional selection of technology and type of coating for your application. We guarantee coatings with thicknesses and properties appropriate for a given cutting process.<\/p>\n\n<div style=\"height:12px\" aria-hidden=\"true\" class=\"wp-block-spacer\"><\/div>\n\n<div class=\"wp-block-buttons is-layout-flex wp-block-buttons-is-layout-flex\"><div class=\"wp-block-button\"><a class=\"wp-block-button__link\" href=\"https:\/\/www.polcomm.com.pl\/wp-content\/uploads\/2021\/02\/POLCOMM_coatings.pdf\" target=\"_blank\" rel=\"noreferrer noopener\">read more<\/a><\/div><\/div><\/div>\n\n<div class=\"wp-block-column is-vertically-aligned-center narrow is-layout-flow wp-block-column-is-layout-flow\"><div class=\"wp-block-columns are-vertically-aligned-center is-layout-flex wp-container-core-columns-is-layout-2 wp-block-columns-is-layout-flex\"><div class=\"wp-block-column is-vertically-aligned-center is-layout-flow wp-block-column-is-layout-flow\" style=\"flex-basis:33.33%\"><div class=\"wp-block-image\"><figure class=\"alignright size-large is-resized\"><img decoding=\"async\" src=\"https:\/\/www.polcomm.com.pl\/wp-content\/uploads\/2020\/09\/VEGA_powloki.png\" alt=\"\" class=\"wp-image-43032\" width=\"100\"\/><\/figure><\/div><\/div>\n\n<div class=\"wp-block-column is-vertically-aligned-center is-layout-flow wp-block-column-is-layout-flow\" style=\"flex-basis:66.66%\"><p>Structural, alloy, tool steels<\/p><\/div><\/div>\n\n<div class=\"wp-block-columns are-vertically-aligned-center is-layout-flex wp-container-core-columns-is-layout-3 wp-block-columns-is-layout-flex\"><div class=\"wp-block-column is-vertically-aligned-center is-layout-flow wp-block-column-is-layout-flow\" style=\"flex-basis:33.33%\"><div class=\"wp-block-image\"><figure class=\"alignright size-large is-resized\"><img decoding=\"async\" src=\"https:\/\/www.polcomm.com.pl\/wp-content\/uploads\/2020\/09\/CANIS_powloki.png\" alt=\"\" width=\"100\"\/><\/figure><\/div><\/div>\n\n<div class=\"wp-block-column is-vertically-aligned-center is-layout-flow wp-block-column-is-layout-flow\" style=\"flex-basis:66.66%\"><p>Stainless, acid-resistant, heat-resistant steels, titanium<\/p><\/div><\/div>\n\n<div class=\"wp-block-columns are-vertically-aligned-center is-layout-flex wp-container-core-columns-is-layout-4 wp-block-columns-is-layout-flex\"><div class=\"wp-block-column is-vertically-aligned-center is-layout-flow wp-block-column-is-layout-flow\" style=\"flex-basis:33.33%\"><div class=\"wp-block-image\"><figure class=\"alignright size-large is-resized\"><img decoding=\"async\" src=\"https:\/\/www.polcomm.com.pl\/wp-content\/uploads\/2020\/09\/ALCOR_powloki.png\" alt=\"\" width=\"100\"\/><\/figure><\/div><\/div>\n\n<div class=\"wp-block-column is-vertically-aligned-center is-layout-flow wp-block-column-is-layout-flow\" style=\"flex-basis:66.66%\"><p>Non-ferrous materials: aluminium, copper, brass<\/p><\/div><\/div>\n\n<div class=\"wp-block-columns are-vertically-aligned-center is-layout-flex wp-container-core-columns-is-layout-5 wp-block-columns-is-layout-flex\"><div class=\"wp-block-column is-vertically-aligned-center is-layout-flow wp-block-column-is-layout-flow\" style=\"flex-basis:33.33%\"><div class=\"wp-block-image\"><figure class=\"alignright size-large is-resized\"><img decoding=\"async\" src=\"https:\/\/www.polcomm.com.pl\/wp-content\/uploads\/2020\/09\/LYRA_powloki.png\" alt=\"\" width=\"100\"\/><\/figure><\/div><\/div>\n\n<div class=\"wp-block-column is-vertically-aligned-center is-layout-flow wp-block-column-is-layout-flow\" style=\"flex-basis:66.66%\"><p>Heat-resistant alloys, hardened steels<\/p><\/div><\/div><\/div><\/div><hr class=\"wp-block-separator\"\/><div style=\"height:10px\" aria-hidden=\"true\" class=\"wp-block-spacer\"><\/div><div class=\"wp-block-columns is-layout-flex wp-container-core-columns-is-layout-7 wp-block-columns-is-layout-flex\"><div class=\"wp-block-column is-layout-flow wp-block-column-is-layout-flow\" style=\"flex-basis:33.33%\"><div class=\"wp-block-image\"><figure class=\"aligncenter size-large\"><img loading=\"lazy\" decoding=\"async\" width=\"320\" height=\"133\" src=\"https:\/\/www.polcomm.com.pl\/wp-content\/uploads\/2018\/08\/cert-1.png\" alt=\"\" class=\"wp-image-14204\" srcset=\"https:\/\/www.polcomm.com.pl\/wp-content\/uploads\/2018\/08\/cert-1.png 320w, https:\/\/www.polcomm.com.pl\/wp-content\/uploads\/2018\/08\/cert-1-300x125.png 300w\" sizes=\"auto, (max-width: 320px) 100vw, 320px\" \/><\/figure><\/div><\/div>\n\n<div class=\"wp-block-column is-layout-flow wp-block-column-is-layout-flow\" style=\"flex-basis:66.66%\"><p>Once sharpened, shank and arbor tools are dynamically balanced, which ensures quiet and stable operation, thus reducing the load on the machine. A balancing report is included with each serviced tool. All serviced tools are subjected to quality control to ensure that the profile and geometry of the blade comply with the requirements.<\/p><\/div><\/div><div class=\"wp-block-group is-layout-flow wp-block-group-is-layout-flow\"><div class=\"wp-block-group__inner-container\"><\/div><\/div><figure class=\"wp-block-gallery columns-5 wp-block-gallery-1 is-layout-flex wp-block-gallery-is-layout-flex\"><ul class=\"blocks-gallery-grid\"><li class=\"blocks-gallery-item\"><figure><a href=\"https:\/\/www.polcomm.com.pl\/wp-content\/uploads\/2018\/07\/produkcja1-3.png\" data-rel=\"lightbox-image-0\" data-magnific_type=\"image\" data-rl_title=\"\" data-rl_caption=\"\" title=\"\"><img loading=\"lazy\" decoding=\"async\" width=\"204\" height=\"300\" src=\"https:\/\/www.polcomm.com.pl\/wp-content\/uploads\/2018\/07\/produkcja1-3-204x300.png\" alt=\"\" data-id=\"882\" data-full-url=\"https:\/\/www.polcomm.com.pl\/wp-content\/uploads\/2018\/07\/produkcja1-3.png\" data-link=\"https:\/\/www.polcomm.com.pl\/?attachment_id=882\" class=\"wp-image-14075\" srcset=\"https:\/\/www.polcomm.com.pl\/wp-content\/uploads\/2018\/07\/produkcja1-3-204x300.png 204w, https:\/\/www.polcomm.com.pl\/wp-content\/uploads\/2018\/07\/produkcja1-3.png 223w\" sizes=\"auto, (max-width: 204px) 100vw, 204px\" \/><\/a><\/figure><\/li><li class=\"blocks-gallery-item\"><figure><a href=\"https:\/\/www.polcomm.com.pl\/wp-content\/uploads\/2018\/07\/produkcja2-3.png\" data-rel=\"lightbox-image-1\" data-magnific_type=\"image\" data-rl_title=\"\" data-rl_caption=\"\" title=\"\"><img loading=\"lazy\" decoding=\"async\" width=\"204\" height=\"300\" src=\"https:\/\/www.polcomm.com.pl\/wp-content\/uploads\/2018\/07\/produkcja2-3-204x300.png\" alt=\"\" data-id=\"883\" data-full-url=\"https:\/\/www.polcomm.com.pl\/wp-content\/uploads\/2018\/07\/produkcja2-3.png\" data-link=\"https:\/\/www.polcomm.com.pl\/?attachment_id=883\" class=\"wp-image-14076\" srcset=\"https:\/\/www.polcomm.com.pl\/wp-content\/uploads\/2018\/07\/produkcja2-3-204x300.png 204w, https:\/\/www.polcomm.com.pl\/wp-content\/uploads\/2018\/07\/produkcja2-3.png 223w\" sizes=\"auto, (max-width: 204px) 100vw, 204px\" \/><\/a><\/figure><\/li><li class=\"blocks-gallery-item\"><figure><a href=\"https:\/\/www.polcomm.com.pl\/wp-content\/uploads\/2018\/07\/produkcja3-3.png\" data-rel=\"lightbox-image-2\" data-magnific_type=\"image\" data-rl_title=\"\" data-rl_caption=\"\" title=\"\"><img loading=\"lazy\" decoding=\"async\" width=\"204\" height=\"300\" src=\"https:\/\/www.polcomm.com.pl\/wp-content\/uploads\/2018\/07\/produkcja3-3-204x300.png\" alt=\"\" data-id=\"884\" data-full-url=\"https:\/\/www.polcomm.com.pl\/wp-content\/uploads\/2018\/07\/produkcja3-3.png\" data-link=\"https:\/\/www.polcomm.com.pl\/?attachment_id=884\" class=\"wp-image-14077\" srcset=\"https:\/\/www.polcomm.com.pl\/wp-content\/uploads\/2018\/07\/produkcja3-3-204x300.png 204w, https:\/\/www.polcomm.com.pl\/wp-content\/uploads\/2018\/07\/produkcja3-3.png 223w\" sizes=\"auto, (max-width: 204px) 100vw, 204px\" \/><\/a><\/figure><\/li><li class=\"blocks-gallery-item\"><figure><a href=\"https:\/\/www.polcomm.com.pl\/wp-content\/uploads\/2018\/07\/produkcja4-3.png\" data-rel=\"lightbox-image-3\" data-magnific_type=\"image\" data-rl_title=\"\" data-rl_caption=\"\" title=\"\"><img loading=\"lazy\" decoding=\"async\" width=\"204\" height=\"300\" src=\"https:\/\/www.polcomm.com.pl\/wp-content\/uploads\/2018\/07\/produkcja4-3-204x300.png\" alt=\"\" data-id=\"885\" data-full-url=\"https:\/\/www.polcomm.com.pl\/wp-content\/uploads\/2018\/07\/produkcja4-3.png\" data-link=\"https:\/\/www.polcomm.com.pl\/?attachment_id=885\" class=\"wp-image-14078\" srcset=\"https:\/\/www.polcomm.com.pl\/wp-content\/uploads\/2018\/07\/produkcja4-3-204x300.png 204w, https:\/\/www.polcomm.com.pl\/wp-content\/uploads\/2018\/07\/produkcja4-3.png 223w\" sizes=\"auto, (max-width: 204px) 100vw, 204px\" \/><\/a><\/figure><\/li><li class=\"blocks-gallery-item\"><figure><a href=\"https:\/\/www.polcomm.com.pl\/wp-content\/uploads\/2018\/07\/produkcja5-3.png\" data-rel=\"lightbox-image-4\" data-magnific_type=\"image\" data-rl_title=\"\" data-rl_caption=\"\" title=\"\"><img loading=\"lazy\" decoding=\"async\" width=\"204\" height=\"300\" src=\"https:\/\/www.polcomm.com.pl\/wp-content\/uploads\/2018\/07\/produkcja5-3-204x300.png\" alt=\"\" data-id=\"886\" data-full-url=\"https:\/\/www.polcomm.com.pl\/wp-content\/uploads\/2018\/07\/produkcja5-3.png\" data-link=\"https:\/\/www.polcomm.com.pl\/?attachment_id=886\" class=\"wp-image-14079\" srcset=\"https:\/\/www.polcomm.com.pl\/wp-content\/uploads\/2018\/07\/produkcja5-3-204x300.png 204w, https:\/\/www.polcomm.com.pl\/wp-content\/uploads\/2018\/07\/produkcja5-3.png 223w\" sizes=\"auto, (max-width: 204px) 100vw, 204px\" \/><\/a><\/figure><\/li><\/ul><\/figure><p><\/p>","protected":false},"excerpt":{"rendered":"<p>Profesjonalny serwis zapewnia narz\u0119dziom dalsz\u0105 prac\u0119 na wymaganym poziomie jako\u015bciowym. Jednocze\u015bnie pozwala wygenerowa\u0107 znaczne oszcz\u0119dno\u015bci.<\/p>\n","protected":false},"author":2,"featured_media":42899,"parent":19922,"menu_order":10,"comment_status":"closed","ping_status":"closed","template":"pages\/serwis-page.php","meta":{"footnotes":""},"class_list":["post-19621","page","type-page","status-publish","has-post-thumbnail","hentry"],"yoast_head":"<!-- This site is optimized with the Yoast SEO plugin v24.5 - https:\/\/yoast.com\/wordpress\/plugins\/seo\/ -->\n<title>Service - Polcomm<\/title>\n<meta name=\"robots\" content=\"index, follow, max-snippet:-1, max-image-preview:large, max-video-preview:-1\" \/>\n<link rel=\"canonical\" href=\"https:\/\/www.polcomm.com.pl\/en\/products\/services\/\" \/>\n<meta property=\"og:locale\" content=\"en_US\" \/>\n<meta property=\"og:type\" content=\"article\" \/>\n<meta property=\"og:title\" content=\"Service - Polcomm\" \/>\n<meta property=\"og:description\" content=\"Profesjonalny serwis zapewnia narz\u0119dziom dalsz\u0105 prac\u0119 na wymaganym poziomie jako\u015bciowym. Jednocze\u015bnie pozwala wygenerowa\u0107 znaczne oszcz\u0119dno\u015bci.\" \/>\n<meta property=\"og:url\" content=\"https:\/\/www.polcomm.com.pl\/en\/products\/services\/\" \/>\n<meta property=\"og:site_name\" content=\"Polcomm\" \/>\n<meta property=\"article:modified_time\" content=\"2021-02-11T09:55:26+00:00\" \/>\n<meta property=\"og:image\" content=\"https:\/\/www.polcomm.com.pl\/wp-content\/uploads\/2020\/09\/drill3.jpg\" \/>\n\t<meta property=\"og:image:width\" content=\"282\" \/>\n\t<meta property=\"og:image:height\" content=\"192\" \/>\n\t<meta property=\"og:image:type\" content=\"image\/jpeg\" \/>\n<meta name=\"twitter:card\" content=\"summary_large_image\" \/>\n<meta name=\"twitter:label1\" content=\"Est. reading time\" \/>\n\t<meta name=\"twitter:data1\" content=\"4 minutes\" \/>\n<script type=\"application\/ld+json\" class=\"yoast-schema-graph\">{\"@context\":\"https:\/\/schema.org\",\"@graph\":[{\"@type\":\"WebPage\",\"@id\":\"https:\/\/www.polcomm.com.pl\/en\/products\/services\/\",\"url\":\"https:\/\/www.polcomm.com.pl\/en\/products\/services\/\",\"name\":\"Service - Polcomm\",\"isPartOf\":{\"@id\":\"https:\/\/www.polcomm.com.pl\/en\/#website\"},\"primaryImageOfPage\":{\"@id\":\"https:\/\/www.polcomm.com.pl\/en\/products\/services\/#primaryimage\"},\"image\":{\"@id\":\"https:\/\/www.polcomm.com.pl\/en\/products\/services\/#primaryimage\"},\"thumbnailUrl\":\"https:\/\/www.polcomm.com.pl\/wp-content\/uploads\/2020\/09\/drill3.jpg\",\"datePublished\":\"2018-08-17T06:57:46+00:00\",\"dateModified\":\"2021-02-11T09:55:26+00:00\",\"breadcrumb\":{\"@id\":\"https:\/\/www.polcomm.com.pl\/en\/products\/services\/#breadcrumb\"},\"inLanguage\":\"en-US\",\"potentialAction\":[{\"@type\":\"ReadAction\",\"target\":[\"https:\/\/www.polcomm.com.pl\/en\/products\/services\/\"]}]},{\"@type\":\"ImageObject\",\"inLanguage\":\"en-US\",\"@id\":\"https:\/\/www.polcomm.com.pl\/en\/products\/services\/#primaryimage\",\"url\":\"https:\/\/www.polcomm.com.pl\/wp-content\/uploads\/2020\/09\/drill3.jpg\",\"contentUrl\":\"https:\/\/www.polcomm.com.pl\/wp-content\/uploads\/2020\/09\/drill3.jpg\",\"width\":282,\"height\":192},{\"@type\":\"BreadcrumbList\",\"@id\":\"https:\/\/www.polcomm.com.pl\/en\/products\/services\/#breadcrumb\",\"itemListElement\":[{\"@type\":\"ListItem\",\"position\":1,\"name\":\"\",\"item\":\"https:\/\/www.polcomm.com.pl\/en\/\"},{\"@type\":\"ListItem\",\"position\":2,\"name\":\"Products\",\"item\":\"https:\/\/www.polcomm.com.pl\/en\/products\/\"},{\"@type\":\"ListItem\",\"position\":3,\"name\":\"Service\"}]},{\"@type\":\"WebSite\",\"@id\":\"https:\/\/www.polcomm.com.pl\/en\/#website\",\"url\":\"https:\/\/www.polcomm.com.pl\/en\/\",\"name\":\"Polcomm\",\"description\":\"producent narz\u0119dzi do obr&oacute;bki drewna i metalu\",\"publisher\":{\"@id\":\"https:\/\/www.polcomm.com.pl\/en\/#organization\"},\"potentialAction\":[{\"@type\":\"SearchAction\",\"target\":{\"@type\":\"EntryPoint\",\"urlTemplate\":\"https:\/\/www.polcomm.com.pl\/en\/?s={search_term_string}\"},\"query-input\":{\"@type\":\"PropertyValueSpecification\",\"valueRequired\":true,\"valueName\":\"search_term_string\"}}],\"inLanguage\":\"en-US\"},{\"@type\":\"Organization\",\"@id\":\"https:\/\/www.polcomm.com.pl\/en\/#organization\",\"name\":\"Polcomm\",\"url\":\"https:\/\/www.polcomm.com.pl\/en\/\",\"logo\":{\"@type\":\"ImageObject\",\"inLanguage\":\"en-US\",\"@id\":\"https:\/\/www.polcomm.com.pl\/en\/#\/schema\/logo\/image\/\",\"url\":\"https:\/\/www.polcomm.com.pl\/wp-content\/uploads\/2020\/09\/polcomm-logo-colors.png\",\"contentUrl\":\"https:\/\/www.polcomm.com.pl\/wp-content\/uploads\/2020\/09\/polcomm-logo-colors.png\",\"width\":200,\"height\":50,\"caption\":\"Polcomm\"},\"image\":{\"@id\":\"https:\/\/www.polcomm.com.pl\/en\/#\/schema\/logo\/image\/\"}}]}<\/script>\n<!-- \/ Yoast SEO plugin. -->","yoast_head_json":{"title":"Service - Polcomm","robots":{"index":"index","follow":"follow","max-snippet":"max-snippet:-1","max-image-preview":"max-image-preview:large","max-video-preview":"max-video-preview:-1"},"canonical":"https:\/\/www.polcomm.com.pl\/en\/products\/services\/","og_locale":"en_US","og_type":"article","og_title":"Service - Polcomm","og_description":"Profesjonalny serwis zapewnia narz\u0119dziom dalsz\u0105 prac\u0119 na wymaganym poziomie jako\u015bciowym. Jednocze\u015bnie pozwala wygenerowa\u0107 znaczne oszcz\u0119dno\u015bci.","og_url":"https:\/\/www.polcomm.com.pl\/en\/products\/services\/","og_site_name":"Polcomm","article_modified_time":"2021-02-11T09:55:26+00:00","og_image":[{"width":282,"height":192,"url":"https:\/\/www.polcomm.com.pl\/wp-content\/uploads\/2020\/09\/drill3.jpg","type":"image\/jpeg"}],"twitter_card":"summary_large_image","twitter_misc":{"Est. reading time":"4 minutes"},"schema":{"@context":"https:\/\/schema.org","@graph":[{"@type":"WebPage","@id":"https:\/\/www.polcomm.com.pl\/en\/products\/services\/","url":"https:\/\/www.polcomm.com.pl\/en\/products\/services\/","name":"Service - Polcomm","isPartOf":{"@id":"https:\/\/www.polcomm.com.pl\/en\/#website"},"primaryImageOfPage":{"@id":"https:\/\/www.polcomm.com.pl\/en\/products\/services\/#primaryimage"},"image":{"@id":"https:\/\/www.polcomm.com.pl\/en\/products\/services\/#primaryimage"},"thumbnailUrl":"https:\/\/www.polcomm.com.pl\/wp-content\/uploads\/2020\/09\/drill3.jpg","datePublished":"2018-08-17T06:57:46+00:00","dateModified":"2021-02-11T09:55:26+00:00","breadcrumb":{"@id":"https:\/\/www.polcomm.com.pl\/en\/products\/services\/#breadcrumb"},"inLanguage":"en-US","potentialAction":[{"@type":"ReadAction","target":["https:\/\/www.polcomm.com.pl\/en\/products\/services\/"]}]},{"@type":"ImageObject","inLanguage":"en-US","@id":"https:\/\/www.polcomm.com.pl\/en\/products\/services\/#primaryimage","url":"https:\/\/www.polcomm.com.pl\/wp-content\/uploads\/2020\/09\/drill3.jpg","contentUrl":"https:\/\/www.polcomm.com.pl\/wp-content\/uploads\/2020\/09\/drill3.jpg","width":282,"height":192},{"@type":"BreadcrumbList","@id":"https:\/\/www.polcomm.com.pl\/en\/products\/services\/#breadcrumb","itemListElement":[{"@type":"ListItem","position":1,"name":"","item":"https:\/\/www.polcomm.com.pl\/en\/"},{"@type":"ListItem","position":2,"name":"Products","item":"https:\/\/www.polcomm.com.pl\/en\/products\/"},{"@type":"ListItem","position":3,"name":"Service"}]},{"@type":"WebSite","@id":"https:\/\/www.polcomm.com.pl\/en\/#website","url":"https:\/\/www.polcomm.com.pl\/en\/","name":"Polcomm","description":"producent narz\u0119dzi do obr&oacute;bki drewna i metalu","publisher":{"@id":"https:\/\/www.polcomm.com.pl\/en\/#organization"},"potentialAction":[{"@type":"SearchAction","target":{"@type":"EntryPoint","urlTemplate":"https:\/\/www.polcomm.com.pl\/en\/?s={search_term_string}"},"query-input":{"@type":"PropertyValueSpecification","valueRequired":true,"valueName":"search_term_string"}}],"inLanguage":"en-US"},{"@type":"Organization","@id":"https:\/\/www.polcomm.com.pl\/en\/#organization","name":"Polcomm","url":"https:\/\/www.polcomm.com.pl\/en\/","logo":{"@type":"ImageObject","inLanguage":"en-US","@id":"https:\/\/www.polcomm.com.pl\/en\/#\/schema\/logo\/image\/","url":"https:\/\/www.polcomm.com.pl\/wp-content\/uploads\/2020\/09\/polcomm-logo-colors.png","contentUrl":"https:\/\/www.polcomm.com.pl\/wp-content\/uploads\/2020\/09\/polcomm-logo-colors.png","width":200,"height":50,"caption":"Polcomm"},"image":{"@id":"https:\/\/www.polcomm.com.pl\/en\/#\/schema\/logo\/image\/"}}]}},"_links":{"self":[{"href":"https:\/\/www.polcomm.com.pl\/en\/wp-json\/wp\/v2\/pages\/19621","targetHints":{"allow":["GET"]}}],"collection":[{"href":"https:\/\/www.polcomm.com.pl\/en\/wp-json\/wp\/v2\/pages"}],"about":[{"href":"https:\/\/www.polcomm.com.pl\/en\/wp-json\/wp\/v2\/types\/page"}],"author":[{"embeddable":true,"href":"https:\/\/www.polcomm.com.pl\/en\/wp-json\/wp\/v2\/users\/2"}],"replies":[{"embeddable":true,"href":"https:\/\/www.polcomm.com.pl\/en\/wp-json\/wp\/v2\/comments?post=19621"}],"version-history":[{"count":13,"href":"https:\/\/www.polcomm.com.pl\/en\/wp-json\/wp\/v2\/pages\/19621\/revisions"}],"predecessor-version":[{"id":45013,"href":"https:\/\/www.polcomm.com.pl\/en\/wp-json\/wp\/v2\/pages\/19621\/revisions\/45013"}],"up":[{"embeddable":true,"href":"https:\/\/www.polcomm.com.pl\/en\/wp-json\/wp\/v2\/pages\/19922"}],"wp:featuredmedia":[{"embeddable":true,"href":"https:\/\/www.polcomm.com.pl\/en\/wp-json\/wp\/v2\/media\/42899"}],"wp:attachment":[{"href":"https:\/\/www.polcomm.com.pl\/en\/wp-json\/wp\/v2\/media?parent=19621"}],"curies":[{"name":"wp","href":"https:\/\/api.w.org\/{rel}","templated":true}]}}