{"id":43801,"date":"2020-09-21T19:46:58","date_gmt":"2020-09-21T17:46:58","guid":{"rendered":"https:\/\/www.v3.polcomm.testy.ovh\/products\/plytki-wieloostrzowe\/"},"modified":"2023-03-31T15:19:26","modified_gmt":"2023-03-31T13:19:26","slug":"indexable-inserts","status":"publish","type":"page","link":"https:\/\/www.polcomm.com.pl\/en\/products\/indexable-inserts\/","title":{"rendered":"Indexable inserts"},"content":{"rendered":"<p><\/p><div class=\"wp-block-columns is-layout-flex wp-container-core-columns-is-layout-1 wp-block-columns-is-layout-flex\"><div class=\"wp-block-column is-layout-flow wp-block-column-is-layout-flow\"><h1 class=\"wp-block-heading\">Plant producing indexable inserts<\/h1>\n\n<h2 class=\"wp-block-heading\">Unique in Europe and ground-breaking Polcomm\u00ae project.<\/h2>\n\n<p>This is a ground-breaking project in the history of our company. Polcomm\u00ae has implemented a complete technology for manufacturing replaceable carbide indexable inserts developed in cooperation with the R&amp;D department and recognised foreign consultants. For the purpose of this project, a modern and comprehensively equipped production plant covering the area of 2600 m<sup>2<\/sup> was built.<\/p><\/div>\n\n<div class=\"wp-block-column is-layout-flow wp-block-column-is-layout-flow\"><p>The complete technological process of manufacturing indexable inserts was arranged in one place based on the latest global engineering innovations.\nAll processes, starting from designing the geometry of inserts and dies, through manufacturing of compacting tool sets, pressing, sintering, grinding, vacuum brazing, and laser shaping, to coating, are carried out in the new factory. Customers can also visit our demonstration and training centre equipped with numerically controlled machine tools.<\/p>\n\n<div style=\"height:26px\" aria-hidden=\"true\" class=\"wp-block-spacer\"><\/div>\n\n<div class=\"wp-block-image\"><figure class=\"alignright size-large is-resized\"><img loading=\"lazy\" decoding=\"async\" src=\"https:\/\/www.polcomm.com.pl\/wp-content\/uploads\/2020\/10\/plytki-ikony-1024x174.png\" alt=\"\" class=\"wp-image-43390\" width=\"420\" height=\"70\" srcset=\"https:\/\/www.polcomm.com.pl\/wp-content\/uploads\/2020\/10\/plytki-ikony-1024x174.png 1024w, https:\/\/www.polcomm.com.pl\/wp-content\/uploads\/2020\/10\/plytki-ikony-300x51.png 300w, https:\/\/www.polcomm.com.pl\/wp-content\/uploads\/2020\/10\/plytki-ikony-768x130.png 768w, https:\/\/www.polcomm.com.pl\/wp-content\/uploads\/2020\/10\/plytki-ikony-600x102.png 600w, https:\/\/www.polcomm.com.pl\/wp-content\/uploads\/2020\/10\/plytki-ikony.png 1119w\" sizes=\"auto, (max-width: 420px) 100vw, 420px\" \/><\/figure><\/div><\/div><\/div><hr class=\"wp-block-separator has-css-opacity\"\/><div style=\"height:30px\" aria-hidden=\"true\" class=\"wp-block-spacer\"><\/div><div class=\"wp-block-columns are-vertically-aligned-center is-layout-flex wp-container-core-columns-is-layout-2 wp-block-columns-is-layout-flex\"><div class=\"wp-block-column is-vertically-aligned-center is-layout-flow wp-block-column-is-layout-flow\"><figure class=\"wp-block-embed is-type-video is-provider-youtube wp-block-embed-youtube wp-embed-aspect-16-9 wp-has-aspect-ratio\"><div class=\"wp-block-embed__wrapper\">\n<iframe loading=\"lazy\" title=\"POLCOMM fabryka plytek wieloostrzowych\" width=\"500\" height=\"281\" src=\"https:\/\/www.youtube.com\/embed\/AYBYnkYRTM0?feature=oembed\" frameborder=\"0\" allow=\"accelerometer; autoplay; clipboard-write; encrypted-media; gyroscope; picture-in-picture; web-share\" referrerpolicy=\"strict-origin-when-cross-origin\" allowfullscreen><\/iframe>\n<\/div><\/figure><\/div>\n\n<div class=\"wp-block-column is-vertically-aligned-center is-layout-flow wp-block-column-is-layout-flow\"><p>See the plant producing indexable inserts<br>Unique in Europe and ground-breaking Polcomm\u00ae project. <br>The comprehensively equipped production plant, complete technological process and modern automated machinery park.<\/p>\n\n<div style=\"height:14px\" aria-hidden=\"true\" class=\"wp-block-spacer\"><\/div>\n\n<div class=\"wp-block-buttons is-layout-flex wp-block-buttons-is-layout-flex\"><div class=\"wp-block-button is-style-outline is-style-outline--1\"><a class=\"wp-block-button__link wp-element-button\" href=\"\/wp-content\/uploads\/2020\/09\/fabryka_plytek_wieloostrzowych-1.pdf\" target=\"_blank\" rel=\"noreferrer noopener\">Download the PDF information<\/a><\/div><\/div><\/div><\/div><hr class=\"wp-block-separator has-css-opacity\"\/><div style=\"height:20px\" aria-hidden=\"true\" class=\"wp-block-spacer\"><\/div><figure class=\"wp-block-gallery columns-8 is-cropped wp-block-gallery-2 is-layout-flex wp-block-gallery-is-layout-flex\"><ul class=\"blocks-gallery-grid\"><li class=\"blocks-gallery-item\"><figure><a href=\"https:\/\/www.polcomm.com.pl\/wp-content\/uploads\/2020\/10\/pasek_foty1.png\" data-rel=\"lightbox-image-0\" data-magnific_type=\"image\" data-rl_title=\"\" data-rl_caption=\"\" title=\"\"><img loading=\"lazy\" decoding=\"async\" width=\"624\" height=\"600\" src=\"https:\/\/www.polcomm.com.pl\/wp-content\/uploads\/2020\/10\/pasek_foty1.png\" alt=\"\" data-id=\"43487\" data-full-url=\"https:\/\/www.polcomm.com.pl\/wp-content\/uploads\/2020\/10\/pasek_foty1.png\" data-link=\"https:\/\/www.polcomm.com.pl\/oferta\/plytki-wieloostrzowe\/pasek_foty1\/\" class=\"wp-image-43488\" srcset=\"https:\/\/www.polcomm.com.pl\/wp-content\/uploads\/2020\/10\/pasek_foty1.png 624w, https:\/\/www.polcomm.com.pl\/wp-content\/uploads\/2020\/10\/pasek_foty1-300x288.png 300w, https:\/\/www.polcomm.com.pl\/wp-content\/uploads\/2020\/10\/pasek_foty1-600x577.png 600w\" sizes=\"auto, (max-width: 624px) 100vw, 624px\" \/><\/a><\/figure><\/li><li class=\"blocks-gallery-item\"><figure><a href=\"https:\/\/www.polcomm.com.pl\/wp-content\/uploads\/2020\/10\/pasek_foty2.png\" data-rel=\"lightbox-image-1\" data-magnific_type=\"image\" data-rl_title=\"\" data-rl_caption=\"\" title=\"\"><img loading=\"lazy\" decoding=\"async\" width=\"577\" height=\"600\" src=\"https:\/\/www.polcomm.com.pl\/wp-content\/uploads\/2020\/10\/pasek_foty2.png\" alt=\"\" data-id=\"43489\" data-full-url=\"https:\/\/www.polcomm.com.pl\/wp-content\/uploads\/2020\/10\/pasek_foty2.png\" data-link=\"https:\/\/www.polcomm.com.pl\/oferta\/plytki-wieloostrzowe\/pasek_foty2\/\" class=\"wp-image-43490\" srcset=\"https:\/\/www.polcomm.com.pl\/wp-content\/uploads\/2020\/10\/pasek_foty2.png 577w, https:\/\/www.polcomm.com.pl\/wp-content\/uploads\/2020\/10\/pasek_foty2-289x300.png 289w, https:\/\/www.polcomm.com.pl\/wp-content\/uploads\/2020\/10\/pasek_foty2-300x312.png 300w\" sizes=\"auto, (max-width: 577px) 100vw, 577px\" \/><\/a><\/figure><\/li><li class=\"blocks-gallery-item\"><figure><a href=\"https:\/\/www.polcomm.com.pl\/wp-content\/uploads\/2020\/10\/pasek_foty3.png\" data-rel=\"lightbox-image-2\" data-magnific_type=\"image\" data-rl_title=\"\" data-rl_caption=\"\" title=\"\"><img loading=\"lazy\" decoding=\"async\" width=\"447\" height=\"600\" src=\"https:\/\/www.polcomm.com.pl\/wp-content\/uploads\/2020\/10\/pasek_foty3.png\" alt=\"\" data-id=\"43491\" data-full-url=\"https:\/\/www.polcomm.com.pl\/wp-content\/uploads\/2020\/10\/pasek_foty3.png\" data-link=\"https:\/\/www.polcomm.com.pl\/oferta\/plytki-wieloostrzowe\/pasek_foty3\/\" class=\"wp-image-43492\" srcset=\"https:\/\/www.polcomm.com.pl\/wp-content\/uploads\/2020\/10\/pasek_foty3.png 447w, https:\/\/www.polcomm.com.pl\/wp-content\/uploads\/2020\/10\/pasek_foty3-224x300.png 224w, https:\/\/www.polcomm.com.pl\/wp-content\/uploads\/2020\/10\/pasek_foty3-300x403.png 300w\" sizes=\"auto, (max-width: 447px) 100vw, 447px\" \/><\/a><\/figure><\/li><li class=\"blocks-gallery-item\"><figure><a href=\"https:\/\/www.polcomm.com.pl\/wp-content\/uploads\/2020\/10\/pasek_foty4.png\" data-rel=\"lightbox-image-3\" data-magnific_type=\"image\" data-rl_title=\"\" data-rl_caption=\"\" title=\"\"><img loading=\"lazy\" decoding=\"async\" width=\"590\" height=\"600\" src=\"https:\/\/www.polcomm.com.pl\/wp-content\/uploads\/2020\/10\/pasek_foty4.png\" alt=\"\" data-id=\"43493\" data-full-url=\"https:\/\/www.polcomm.com.pl\/wp-content\/uploads\/2020\/10\/pasek_foty4.png\" data-link=\"https:\/\/www.polcomm.com.pl\/oferta\/plytki-wieloostrzowe\/pasek_foty4\/\" class=\"wp-image-43494\" srcset=\"https:\/\/www.polcomm.com.pl\/wp-content\/uploads\/2020\/10\/pasek_foty4.png 590w, https:\/\/www.polcomm.com.pl\/wp-content\/uploads\/2020\/10\/pasek_foty4-295x300.png 295w, https:\/\/www.polcomm.com.pl\/wp-content\/uploads\/2020\/10\/pasek_foty4-300x305.png 300w\" sizes=\"auto, (max-width: 590px) 100vw, 590px\" \/><\/a><\/figure><\/li><li class=\"blocks-gallery-item\"><figure><a href=\"https:\/\/www.polcomm.com.pl\/wp-content\/uploads\/2020\/10\/pasek_foty5.png\" data-rel=\"lightbox-image-4\" data-magnific_type=\"image\" data-rl_title=\"\" data-rl_caption=\"\" title=\"\"><img loading=\"lazy\" decoding=\"async\" width=\"485\" height=\"600\" src=\"https:\/\/www.polcomm.com.pl\/wp-content\/uploads\/2020\/10\/pasek_foty5.png\" alt=\"\" data-id=\"43496\" data-full-url=\"https:\/\/www.polcomm.com.pl\/wp-content\/uploads\/2020\/10\/pasek_foty5.png\" data-link=\"https:\/\/www.polcomm.com.pl\/oferta\/plytki-wieloostrzowe\/pasek_foty5\/\" class=\"wp-image-43497\" srcset=\"https:\/\/www.polcomm.com.pl\/wp-content\/uploads\/2020\/10\/pasek_foty5.png 485w, https:\/\/www.polcomm.com.pl\/wp-content\/uploads\/2020\/10\/pasek_foty5-243x300.png 243w, https:\/\/www.polcomm.com.pl\/wp-content\/uploads\/2020\/10\/pasek_foty5-300x371.png 300w\" sizes=\"auto, (max-width: 485px) 100vw, 485px\" \/><\/a><\/figure><\/li><li class=\"blocks-gallery-item\"><figure><a href=\"https:\/\/www.polcomm.com.pl\/wp-content\/uploads\/2020\/10\/pasek_foty6.png\" data-rel=\"lightbox-image-5\" data-magnific_type=\"image\" data-rl_title=\"\" data-rl_caption=\"\" title=\"\"><img loading=\"lazy\" decoding=\"async\" width=\"654\" height=\"600\" src=\"https:\/\/www.polcomm.com.pl\/wp-content\/uploads\/2020\/10\/pasek_foty6.png\" alt=\"\" data-id=\"43498\" data-full-url=\"https:\/\/www.polcomm.com.pl\/wp-content\/uploads\/2020\/10\/pasek_foty6.png\" data-link=\"https:\/\/www.polcomm.com.pl\/oferta\/plytki-wieloostrzowe\/pasek_foty6\/\" class=\"wp-image-43499\" srcset=\"https:\/\/www.polcomm.com.pl\/wp-content\/uploads\/2020\/10\/pasek_foty6.png 654w, https:\/\/www.polcomm.com.pl\/wp-content\/uploads\/2020\/10\/pasek_foty6-300x275.png 300w, https:\/\/www.polcomm.com.pl\/wp-content\/uploads\/2020\/10\/pasek_foty6-600x550.png 600w\" sizes=\"auto, (max-width: 654px) 100vw, 654px\" \/><\/a><\/figure><\/li><li class=\"blocks-gallery-item\"><figure><a href=\"https:\/\/www.polcomm.com.pl\/wp-content\/uploads\/2020\/10\/pasek_foty7.png\" data-rel=\"lightbox-image-6\" data-magnific_type=\"image\" data-rl_title=\"\" data-rl_caption=\"\" title=\"\"><img loading=\"lazy\" decoding=\"async\" width=\"654\" height=\"600\" src=\"https:\/\/www.polcomm.com.pl\/wp-content\/uploads\/2020\/10\/pasek_foty7.png\" alt=\"\" data-id=\"43500\" data-full-url=\"https:\/\/www.polcomm.com.pl\/wp-content\/uploads\/2020\/10\/pasek_foty7.png\" data-link=\"https:\/\/www.polcomm.com.pl\/oferta\/plytki-wieloostrzowe\/pasek_foty7\/\" class=\"wp-image-43501\" srcset=\"https:\/\/www.polcomm.com.pl\/wp-content\/uploads\/2020\/10\/pasek_foty7.png 654w, https:\/\/www.polcomm.com.pl\/wp-content\/uploads\/2020\/10\/pasek_foty7-300x275.png 300w, https:\/\/www.polcomm.com.pl\/wp-content\/uploads\/2020\/10\/pasek_foty7-600x550.png 600w\" sizes=\"auto, (max-width: 654px) 100vw, 654px\" \/><\/a><\/figure><\/li><li class=\"blocks-gallery-item\"><figure><a href=\"https:\/\/www.polcomm.com.pl\/wp-content\/uploads\/2020\/10\/pasek_foty8.png\" data-rel=\"lightbox-image-7\" data-magnific_type=\"image\" data-rl_title=\"\" data-rl_caption=\"\" title=\"\"><img loading=\"lazy\" decoding=\"async\" width=\"706\" height=\"600\" src=\"https:\/\/www.polcomm.com.pl\/wp-content\/uploads\/2020\/10\/pasek_foty8.png\" alt=\"\" data-id=\"43502\" data-full-url=\"https:\/\/www.polcomm.com.pl\/wp-content\/uploads\/2020\/10\/pasek_foty8.png\" data-link=\"https:\/\/www.polcomm.com.pl\/oferta\/plytki-wieloostrzowe\/pasek_foty8\/\" class=\"wp-image-43503\" srcset=\"https:\/\/www.polcomm.com.pl\/wp-content\/uploads\/2020\/10\/pasek_foty8.png 706w, https:\/\/www.polcomm.com.pl\/wp-content\/uploads\/2020\/10\/pasek_foty8-300x255.png 300w, https:\/\/www.polcomm.com.pl\/wp-content\/uploads\/2020\/10\/pasek_foty8-600x510.png 600w\" sizes=\"auto, (max-width: 706px) 100vw, 706px\" \/><\/a><\/figure><\/li><\/ul><\/figure><p><\/p><p><\/p>","protected":false},"excerpt":{"rendered":"<p>Najwy\u017csza klasa wydajno\u015bci<br \/>\ni zaawansowana geometria<br \/>\np\u0142ytek gwarantuje<br \/>\nniezawodny przebieg<br \/>\nobr\u00f3bki w nawet najbardziej<br \/>\nwymagaj\u0105cych aplikacjach.<\/p>\n","protected":false},"author":2,"featured_media":42903,"parent":19922,"menu_order":9,"comment_status":"closed","ping_status":"closed","template":"pages\/wieloostrzowe-page.php","meta":{"footnotes":""},"class_list":["post-43801","page","type-page","status-publish","has-post-thumbnail","hentry"],"yoast_head":"<!-- This site is optimized with the Yoast SEO plugin v24.5 - https:\/\/yoast.com\/wordpress\/plugins\/seo\/ -->\n<title>Indexable inserts - Polcomm<\/title>\n<meta name=\"robots\" content=\"index, follow, max-snippet:-1, max-image-preview:large, max-video-preview:-1\" \/>\n<link rel=\"canonical\" href=\"https:\/\/www.polcomm.com.pl\/en\/products\/indexable-inserts\/\" \/>\n<meta property=\"og:locale\" content=\"en_US\" \/>\n<meta property=\"og:type\" content=\"article\" \/>\n<meta property=\"og:title\" content=\"Indexable inserts - Polcomm\" \/>\n<meta property=\"og:description\" content=\"Najwy\u017csza klasa wydajno\u015bci i zaawansowana geometria p\u0142ytek gwarantuje niezawodny przebieg obr\u00f3bki w nawet najbardziej wymagaj\u0105cych aplikacjach.\" \/>\n<meta property=\"og:url\" content=\"https:\/\/www.polcomm.com.pl\/en\/products\/indexable-inserts\/\" \/>\n<meta property=\"og:site_name\" content=\"Polcomm\" \/>\n<meta property=\"article:modified_time\" content=\"2023-03-31T13:19:26+00:00\" \/>\n<meta property=\"og:image\" content=\"https:\/\/www.polcomm.com.pl\/wp-content\/uploads\/2020\/09\/lathe-1.jpg\" \/>\n\t<meta property=\"og:image:width\" content=\"282\" \/>\n\t<meta property=\"og:image:height\" content=\"192\" \/>\n\t<meta property=\"og:image:type\" content=\"image\/jpeg\" \/>\n<meta name=\"twitter:card\" content=\"summary_large_image\" \/>\n<meta name=\"twitter:label1\" content=\"Est. reading time\" \/>\n\t<meta name=\"twitter:data1\" content=\"3 minutes\" \/>\n<script type=\"application\/ld+json\" class=\"yoast-schema-graph\">{\"@context\":\"https:\/\/schema.org\",\"@graph\":[{\"@type\":\"WebPage\",\"@id\":\"https:\/\/www.polcomm.com.pl\/en\/products\/indexable-inserts\/\",\"url\":\"https:\/\/www.polcomm.com.pl\/en\/products\/indexable-inserts\/\",\"name\":\"Indexable inserts - Polcomm\",\"isPartOf\":{\"@id\":\"https:\/\/www.polcomm.com.pl\/en\/#website\"},\"primaryImageOfPage\":{\"@id\":\"https:\/\/www.polcomm.com.pl\/en\/products\/indexable-inserts\/#primaryimage\"},\"image\":{\"@id\":\"https:\/\/www.polcomm.com.pl\/en\/products\/indexable-inserts\/#primaryimage\"},\"thumbnailUrl\":\"https:\/\/www.polcomm.com.pl\/wp-content\/uploads\/2020\/09\/lathe-1.jpg\",\"datePublished\":\"2020-09-21T17:46:58+00:00\",\"dateModified\":\"2023-03-31T13:19:26+00:00\",\"breadcrumb\":{\"@id\":\"https:\/\/www.polcomm.com.pl\/en\/products\/indexable-inserts\/#breadcrumb\"},\"inLanguage\":\"en-US\",\"potentialAction\":[{\"@type\":\"ReadAction\",\"target\":[\"https:\/\/www.polcomm.com.pl\/en\/products\/indexable-inserts\/\"]}]},{\"@type\":\"ImageObject\",\"inLanguage\":\"en-US\",\"@id\":\"https:\/\/www.polcomm.com.pl\/en\/products\/indexable-inserts\/#primaryimage\",\"url\":\"https:\/\/www.polcomm.com.pl\/wp-content\/uploads\/2020\/09\/lathe-1.jpg\",\"contentUrl\":\"https:\/\/www.polcomm.com.pl\/wp-content\/uploads\/2020\/09\/lathe-1.jpg\",\"width\":282,\"height\":192},{\"@type\":\"BreadcrumbList\",\"@id\":\"https:\/\/www.polcomm.com.pl\/en\/products\/indexable-inserts\/#breadcrumb\",\"itemListElement\":[{\"@type\":\"ListItem\",\"position\":1,\"name\":\"\",\"item\":\"https:\/\/www.polcomm.com.pl\/en\/\"},{\"@type\":\"ListItem\",\"position\":2,\"name\":\"Products\",\"item\":\"https:\/\/www.polcomm.com.pl\/en\/products\/\"},{\"@type\":\"ListItem\",\"position\":3,\"name\":\"Indexable inserts\"}]},{\"@type\":\"WebSite\",\"@id\":\"https:\/\/www.polcomm.com.pl\/en\/#website\",\"url\":\"https:\/\/www.polcomm.com.pl\/en\/\",\"name\":\"Polcomm\",\"description\":\"producent narz\u0119dzi do obr&oacute;bki drewna i metalu\",\"publisher\":{\"@id\":\"https:\/\/www.polcomm.com.pl\/en\/#organization\"},\"potentialAction\":[{\"@type\":\"SearchAction\",\"target\":{\"@type\":\"EntryPoint\",\"urlTemplate\":\"https:\/\/www.polcomm.com.pl\/en\/?s={search_term_string}\"},\"query-input\":{\"@type\":\"PropertyValueSpecification\",\"valueRequired\":true,\"valueName\":\"search_term_string\"}}],\"inLanguage\":\"en-US\"},{\"@type\":\"Organization\",\"@id\":\"https:\/\/www.polcomm.com.pl\/en\/#organization\",\"name\":\"Polcomm\",\"url\":\"https:\/\/www.polcomm.com.pl\/en\/\",\"logo\":{\"@type\":\"ImageObject\",\"inLanguage\":\"en-US\",\"@id\":\"https:\/\/www.polcomm.com.pl\/en\/#\/schema\/logo\/image\/\",\"url\":\"https:\/\/www.polcomm.com.pl\/wp-content\/uploads\/2020\/09\/polcomm-logo-colors.png\",\"contentUrl\":\"https:\/\/www.polcomm.com.pl\/wp-content\/uploads\/2020\/09\/polcomm-logo-colors.png\",\"width\":200,\"height\":50,\"caption\":\"Polcomm\"},\"image\":{\"@id\":\"https:\/\/www.polcomm.com.pl\/en\/#\/schema\/logo\/image\/\"}}]}<\/script>\n<!-- \/ Yoast SEO plugin. -->","yoast_head_json":{"title":"Indexable inserts - Polcomm","robots":{"index":"index","follow":"follow","max-snippet":"max-snippet:-1","max-image-preview":"max-image-preview:large","max-video-preview":"max-video-preview:-1"},"canonical":"https:\/\/www.polcomm.com.pl\/en\/products\/indexable-inserts\/","og_locale":"en_US","og_type":"article","og_title":"Indexable inserts - Polcomm","og_description":"Najwy\u017csza klasa wydajno\u015bci i zaawansowana geometria p\u0142ytek gwarantuje niezawodny przebieg obr\u00f3bki w nawet najbardziej wymagaj\u0105cych aplikacjach.","og_url":"https:\/\/www.polcomm.com.pl\/en\/products\/indexable-inserts\/","og_site_name":"Polcomm","article_modified_time":"2023-03-31T13:19:26+00:00","og_image":[{"width":282,"height":192,"url":"https:\/\/www.polcomm.com.pl\/wp-content\/uploads\/2020\/09\/lathe-1.jpg","type":"image\/jpeg"}],"twitter_card":"summary_large_image","twitter_misc":{"Est. reading time":"3 minutes"},"schema":{"@context":"https:\/\/schema.org","@graph":[{"@type":"WebPage","@id":"https:\/\/www.polcomm.com.pl\/en\/products\/indexable-inserts\/","url":"https:\/\/www.polcomm.com.pl\/en\/products\/indexable-inserts\/","name":"Indexable inserts - Polcomm","isPartOf":{"@id":"https:\/\/www.polcomm.com.pl\/en\/#website"},"primaryImageOfPage":{"@id":"https:\/\/www.polcomm.com.pl\/en\/products\/indexable-inserts\/#primaryimage"},"image":{"@id":"https:\/\/www.polcomm.com.pl\/en\/products\/indexable-inserts\/#primaryimage"},"thumbnailUrl":"https:\/\/www.polcomm.com.pl\/wp-content\/uploads\/2020\/09\/lathe-1.jpg","datePublished":"2020-09-21T17:46:58+00:00","dateModified":"2023-03-31T13:19:26+00:00","breadcrumb":{"@id":"https:\/\/www.polcomm.com.pl\/en\/products\/indexable-inserts\/#breadcrumb"},"inLanguage":"en-US","potentialAction":[{"@type":"ReadAction","target":["https:\/\/www.polcomm.com.pl\/en\/products\/indexable-inserts\/"]}]},{"@type":"ImageObject","inLanguage":"en-US","@id":"https:\/\/www.polcomm.com.pl\/en\/products\/indexable-inserts\/#primaryimage","url":"https:\/\/www.polcomm.com.pl\/wp-content\/uploads\/2020\/09\/lathe-1.jpg","contentUrl":"https:\/\/www.polcomm.com.pl\/wp-content\/uploads\/2020\/09\/lathe-1.jpg","width":282,"height":192},{"@type":"BreadcrumbList","@id":"https:\/\/www.polcomm.com.pl\/en\/products\/indexable-inserts\/#breadcrumb","itemListElement":[{"@type":"ListItem","position":1,"name":"","item":"https:\/\/www.polcomm.com.pl\/en\/"},{"@type":"ListItem","position":2,"name":"Products","item":"https:\/\/www.polcomm.com.pl\/en\/products\/"},{"@type":"ListItem","position":3,"name":"Indexable inserts"}]},{"@type":"WebSite","@id":"https:\/\/www.polcomm.com.pl\/en\/#website","url":"https:\/\/www.polcomm.com.pl\/en\/","name":"Polcomm","description":"producent narz\u0119dzi do obr&oacute;bki drewna i metalu","publisher":{"@id":"https:\/\/www.polcomm.com.pl\/en\/#organization"},"potentialAction":[{"@type":"SearchAction","target":{"@type":"EntryPoint","urlTemplate":"https:\/\/www.polcomm.com.pl\/en\/?s={search_term_string}"},"query-input":{"@type":"PropertyValueSpecification","valueRequired":true,"valueName":"search_term_string"}}],"inLanguage":"en-US"},{"@type":"Organization","@id":"https:\/\/www.polcomm.com.pl\/en\/#organization","name":"Polcomm","url":"https:\/\/www.polcomm.com.pl\/en\/","logo":{"@type":"ImageObject","inLanguage":"en-US","@id":"https:\/\/www.polcomm.com.pl\/en\/#\/schema\/logo\/image\/","url":"https:\/\/www.polcomm.com.pl\/wp-content\/uploads\/2020\/09\/polcomm-logo-colors.png","contentUrl":"https:\/\/www.polcomm.com.pl\/wp-content\/uploads\/2020\/09\/polcomm-logo-colors.png","width":200,"height":50,"caption":"Polcomm"},"image":{"@id":"https:\/\/www.polcomm.com.pl\/en\/#\/schema\/logo\/image\/"}}]}},"_links":{"self":[{"href":"https:\/\/www.polcomm.com.pl\/en\/wp-json\/wp\/v2\/pages\/43801","targetHints":{"allow":["GET"]}}],"collection":[{"href":"https:\/\/www.polcomm.com.pl\/en\/wp-json\/wp\/v2\/pages"}],"about":[{"href":"https:\/\/www.polcomm.com.pl\/en\/wp-json\/wp\/v2\/types\/page"}],"author":[{"embeddable":true,"href":"https:\/\/www.polcomm.com.pl\/en\/wp-json\/wp\/v2\/users\/2"}],"replies":[{"embeddable":true,"href":"https:\/\/www.polcomm.com.pl\/en\/wp-json\/wp\/v2\/comments?post=43801"}],"version-history":[{"count":36,"href":"https:\/\/www.polcomm.com.pl\/en\/wp-json\/wp\/v2\/pages\/43801\/revisions"}],"predecessor-version":[{"id":47298,"href":"https:\/\/www.polcomm.com.pl\/en\/wp-json\/wp\/v2\/pages\/43801\/revisions\/47298"}],"up":[{"embeddable":true,"href":"https:\/\/www.polcomm.com.pl\/en\/wp-json\/wp\/v2\/pages\/19922"}],"wp:featuredmedia":[{"embeddable":true,"href":"https:\/\/www.polcomm.com.pl\/en\/wp-json\/wp\/v2\/media\/42903"}],"wp:attachment":[{"href":"https:\/\/www.polcomm.com.pl\/en\/wp-json\/wp\/v2\/media?parent=43801"}],"curies":[{"name":"wp","href":"https:\/\/api.w.org\/{rel}","templated":true}]}}